{"id":80,"date":"2025-08-02T15:20:45","date_gmt":"2025-08-02T13:20:45","guid":{"rendered":"https:\/\/atomic-temporary-247055390.wpcomstaging.com\/?page_id=80"},"modified":"2025-08-29T17:58:18","modified_gmt":"2025-08-29T15:58:18","slug":"i-prossimi-eventi","status":"publish","type":"page","link":"https:\/\/collectitcardshow.com\/en\/i-prossimi-eventi\/","title":{"rendered":"Next Events"},"content":{"rendered":"<div class=\"wp-block-image\">\n<figure class=\"aligncenter size-full\"><img data-recalc-dims=\"1\" loading=\"lazy\" decoding=\"async\" width=\"976\" height=\"329\" data-attachment-id=\"86\" data-permalink=\"https:\/\/collectitcardshow.com\/en\/i-prossimi-eventi\/collect_it_logo-2\/\" data-orig-file=\"https:\/\/i0.wp.com\/collectitcardshow.com\/wp-content\/uploads\/2025\/08\/a7b32-collect_it_logo-1.png?fit=976%2C329&amp;ssl=1\" data-orig-size=\"976,329\" data-comments-opened=\"1\" data-image-meta=\"{&quot;aperture&quot;:&quot;0&quot;,&quot;credit&quot;:&quot;&quot;,&quot;camera&quot;:&quot;&quot;,&quot;caption&quot;:&quot;&quot;,&quot;created_timestamp&quot;:&quot;0&quot;,&quot;copyright&quot;:&quot;&quot;,&quot;focal_length&quot;:&quot;0&quot;,&quot;iso&quot;:&quot;0&quot;,&quot;shutter_speed&quot;:&quot;0&quot;,&quot;title&quot;:&quot;&quot;,&quot;orientation&quot;:&quot;0&quot;}\" data-image-title=\"Collect_It_Logo\" data-image-description=\"\" data-image-caption=\"\" data-medium-file=\"https:\/\/i0.wp.com\/collectitcardshow.com\/wp-content\/uploads\/2025\/08\/a7b32-collect_it_logo-1.png?fit=300%2C101&amp;ssl=1\" data-large-file=\"https:\/\/i0.wp.com\/collectitcardshow.com\/wp-content\/uploads\/2025\/08\/a7b32-collect_it_logo-1.png?fit=976%2C329&amp;ssl=1\" src=\"https:\/\/i0.wp.com\/collectitcardshow.com\/wp-content\/uploads\/2025\/08\/a7b32-collect_it_logo-1.png?resize=976%2C329&#038;ssl=1\" alt=\"\" class=\"wp-image-86\" srcset=\"https:\/\/i0.wp.com\/collectitcardshow.com\/wp-content\/uploads\/2025\/08\/a7b32-collect_it_logo-1.png?w=976&amp;ssl=1 976w, https:\/\/i0.wp.com\/collectitcardshow.com\/wp-content\/uploads\/2025\/08\/a7b32-collect_it_logo-1.png?resize=600%2C202&amp;ssl=1 600w\" sizes=\"auto, (max-width: 976px) 100vw, 976px\" \/><\/figure>\n<\/div>\n\n\n<h2 class=\"wp-block-heading\"><\/h2>\n\n\n\r\n \r\n\t<div  id=\"fooevents-event-listing-list\">\r\n\t\t<div class=\"fooevents-event-listing-list-seperators\"><h2>May 2026<\/h2><\/div>\t\t\t<div id=\"fooevents-event-listing-list-post-id-100\" class=\"fooevents-event-listing-list-container  fooevents-event-listing-list-single image-left\">\r\n\t\t\t\t\t\t\t\t\t<div class=\"fooevents-event-listing-list-thumbnail\">\r\n\t\t\t\t\t\t<img loading=\"lazy\" decoding=\"async\" width=\"300\" height=\"220\" src=\"https:\/\/i0.wp.com\/collectitcardshow.com\/wp-content\/uploads\/2025\/08\/mockup-ticket-sito.png?fit=300%2C220&amp;ssl=1\" class=\"attachment-medium size-medium wp-post-image\" alt=\"\" data-attachment-id=\"536\" data-permalink=\"https:\/\/collectitcardshow.com\/en\/?attachment_id=536\" data-orig-file=\"https:\/\/i0.wp.com\/collectitcardshow.com\/wp-content\/uploads\/2025\/08\/mockup-ticket-sito.png?fit=3000%2C2201&amp;ssl=1\" data-orig-size=\"3000,2201\" data-comments-opened=\"1\" data-image-meta=\"{&quot;aperture&quot;:&quot;0&quot;,&quot;credit&quot;:&quot;&quot;,&quot;camera&quot;:&quot;&quot;,&quot;caption&quot;:&quot;&quot;,&quot;created_timestamp&quot;:&quot;0&quot;,&quot;copyright&quot;:&quot;&quot;,&quot;focal_length&quot;:&quot;0&quot;,&quot;iso&quot;:&quot;0&quot;,&quot;shutter_speed&quot;:&quot;0&quot;,&quot;title&quot;:&quot;&quot;,&quot;orientation&quot;:&quot;0&quot;}\" data-image-title=\"mockup-ticket-sito\" data-image-description=\"\" data-image-caption=\"\" data-medium-file=\"https:\/\/i0.wp.com\/collectitcardshow.com\/wp-content\/uploads\/2025\/08\/mockup-ticket-sito.png?fit=300%2C220&amp;ssl=1\" data-large-file=\"https:\/\/i0.wp.com\/collectitcardshow.com\/wp-content\/uploads\/2025\/08\/mockup-ticket-sito.png?fit=1024%2C751&amp;ssl=1\" \/>\t\t\t\t\t<\/div>\r\n\t\t\t\t\r\n\t\t\t\t<div class=\"fooevents-event-listing-list-content\">\r\n\t\t\t\t\t<h3><a href=\"https:\/\/collectitcardshow.com\/en\/product\/collect-it-roma-standard-ticket\/\">Collect IT &#8211; Roma &#8211; 23 Maggio<\/a><\/h3>\r\n\t\t\t\t\t\t\t\t\t\t\t<p class=\"fooevents-event-listing-list-location\"><strong>Roma, Roma Fiere<\/strong><\/p>\r\n\t\t\t\t\t\t\t\t\t\t\t\t\t\t\t\t\t\t\t\t\t<p class=\"fooevents-event-listing-list-excerpt\">Il pi\u00f9 grande evento italiano interamente dedicato alle carte collezionabili arriva a Roma! Un\u2019intera giornata di espositori, scambi, acquisti, incontri con la community e ospiti speciali. Non fartelo raccontare!<\/p>\r\n\t\t\t\t\t\t\t\t\t\t\t\t\t\t\t\t<p class=\"fooevents-event-listing-list-stock\">\r\n\t\t\t\t\t\t\t\t\t\t\t\t\t\t\t<span class=\"fooevents-event-listing-list-price\"><span class=\"woocommerce-Price-amount amount\" aria-hidden=\"true\">0,00&nbsp;<span class=\"woocommerce-Price-currencySymbol\">&euro;<\/span><\/span> <span aria-hidden=\"true\">&ndash;<\/span> <span class=\"woocommerce-Price-amount amount\" aria-hidden=\"true\">165,00&nbsp;<span class=\"woocommerce-Price-currencySymbol\">&euro;<\/span><\/span><span class=\"screen-reader-text\">Price range: 0,00&nbsp;&euro; through 165,00&nbsp;&euro;<\/span><\/span>\r\n\t\t\t\t\t\t\t\t\t\t\t\t\t\t\t\t\t\t\t\t<\/p>\r\n\t\t\t\t\t\t\t\t\t\t\t\t\t\t\t\t<p class=\"fooevents-event-listing-list-book-now\"><a href=\"https:\/\/collectitcardshow.com\/en\/product\/collect-it-roma-standard-ticket\/\" class=\"button\">Book ticket<\/a><\/p>\r\n\t\t\t\t\t\t\t\t\t\t<div class=\"fooevents-event-listing-clear\"><\/div>\r\n\t\t\t\t<\/div>\r\n\t\t\t<\/div>\r\n\t\t<div class=\"fooevents-event-listing-list-seperators\"><h2>September 2026<\/h2><\/div>\t\t\t<div id=\"fooevents-event-listing-list-post-id-155\" class=\"fooevents-event-listing-list-container  fooevents-event-listing-list-single image-left\">\r\n\t\t\t\t\t\t\t\t\t<div class=\"fooevents-event-listing-list-thumbnail\">\r\n\t\t\t\t\t\t<img loading=\"lazy\" decoding=\"async\" width=\"300\" height=\"220\" src=\"https:\/\/i0.wp.com\/collectitcardshow.com\/wp-content\/uploads\/2025\/08\/mockup-ticket-sito-milano.png?fit=300%2C220&amp;ssl=1\" class=\"attachment-medium size-medium wp-post-image\" alt=\"\" data-attachment-id=\"537\" data-permalink=\"https:\/\/collectitcardshow.com\/en\/?attachment_id=537\" data-orig-file=\"https:\/\/i0.wp.com\/collectitcardshow.com\/wp-content\/uploads\/2025\/08\/mockup-ticket-sito-milano.png?fit=3000%2C2201&amp;ssl=1\" data-orig-size=\"3000,2201\" data-comments-opened=\"1\" data-image-meta=\"{&quot;aperture&quot;:&quot;0&quot;,&quot;credit&quot;:&quot;&quot;,&quot;camera&quot;:&quot;&quot;,&quot;caption&quot;:&quot;&quot;,&quot;created_timestamp&quot;:&quot;0&quot;,&quot;copyright&quot;:&quot;&quot;,&quot;focal_length&quot;:&quot;0&quot;,&quot;iso&quot;:&quot;0&quot;,&quot;shutter_speed&quot;:&quot;0&quot;,&quot;title&quot;:&quot;&quot;,&quot;orientation&quot;:&quot;0&quot;}\" data-image-title=\"mockup-ticket-sito-milano\" data-image-description=\"\" data-image-caption=\"\" data-medium-file=\"https:\/\/i0.wp.com\/collectitcardshow.com\/wp-content\/uploads\/2025\/08\/mockup-ticket-sito-milano.png?fit=300%2C220&amp;ssl=1\" data-large-file=\"https:\/\/i0.wp.com\/collectitcardshow.com\/wp-content\/uploads\/2025\/08\/mockup-ticket-sito-milano.png?fit=1024%2C751&amp;ssl=1\" \/>\t\t\t\t\t<\/div>\r\n\t\t\t\t\r\n\t\t\t\t<div class=\"fooevents-event-listing-list-content\">\r\n\t\t\t\t\t<h3><a href=\"https:\/\/collectitcardshow.com\/en\/product\/collect-it-milano\/\">Collect IT &#8211; Milano<\/a><\/h3>\r\n\t\t\t\t\t\t\t\t\t\t\t<p class=\"fooevents-event-listing-list-location\"><strong><\/strong><\/p>\r\n\t\t\t\t\t\t\t\t\t\t\t\t\t\t\t\t\t\t\t\t\t<p class=\"fooevents-event-listing-list-excerpt\">There is no excerpt because this is a protected post.<\/p>\r\n\t\t\t\t\t\t\t\t\t\t\t\t\t\t\t\t<p class=\"fooevents-event-listing-list-stock\">\r\n\t\t\t\t\t\t\t\t\t\t\t\t\t\t\t<span class=\"fooevents-event-listing-list-price\"><span class=\"woocommerce-Price-amount amount\">0,00&nbsp;<span class=\"woocommerce-Price-currencySymbol\">&euro;<\/span><\/span><\/span>\r\n\t\t\t\t\t\t\t\t\t\t\t\t\t\t\t\t\t\t\t\t<\/p>\r\n\t\t\t\t\t\t\t\t\t\t\t\t\t\t\t<div class=\"fooevents-event-listing-clear\"><\/div>\r\n\t\t\t\t<\/div>\r\n\t\t\t<\/div>\r\n\t\t\t<\/div>\r\n\n\n\n<p class=\"wp-block-paragraph\"><\/p>","protected":false},"excerpt":{"rendered":"","protected":false},"author":269524093,"featured_media":0,"parent":0,"menu_order":0,"comment_status":"closed","ping_status":"closed","template":"","meta":{"_crdt_document":"","advanced_seo_description":"","jetpack_seo_html_title":"","jetpack_seo_noindex":false,"_kadence_starter_templates_imported_post":false,"_kad_post_transparent":"","_kad_post_title":"","_kad_post_layout":"","_kad_post_sidebar_id":"","_kad_post_content_style":"","_kad_post_vertical_padding":"","_kad_post_feature":"","_kad_post_feature_position":"","_kad_post_header":false,"_kad_post_footer":false,"jetpack_post_was_ever_published":false,"footnotes":""},"class_list":["post-80","page","type-page","status-publish","hentry"],"jetpack_likes_enabled":true,"jetpack_sharing_enabled":true,"jetpack_shortlink":"https:\/\/wp.me\/PgICom-1i","jetpack-related-posts":[{"id":88,"url":"https:\/\/collectitcardshow.com\/en\/","url_meta":{"origin":80,"position":0},"title":"Non \u00e8 una fiera, \u00e8\u2026","author":"CardsGuru Collectibles","date":"2 August 2025","format":false,"excerpt":"Non \u00e8 una fiera, \u00e8 il Cardshow Italiano. Il punto di incontro per ogni appassionato di carte collezionabili. \u00a0\u00a0 - Collect IT Roma Chi Siamo - gli eventi precedenti Dal 2024, Collect IT Cardshow \u00e8 diventato l\u2019appuntamento pi\u00f9 importante per gli appassionati di carte collezionabili in Italia. Dalla prima edizione\u2026","rel":"","context":"Similar post","block_context":{"text":"Similar post","link":""},"img":{"alt_text":"","src":"https:\/\/i0.wp.com\/collectitcardshow.com\/wp-content\/uploads\/2025\/08\/a7b32-collect_it_logo-1.png?resize=350%2C200&ssl=1","width":350,"height":200,"srcset":"https:\/\/i0.wp.com\/collectitcardshow.com\/wp-content\/uploads\/2025\/08\/a7b32-collect_it_logo-1.png?resize=350%2C200&ssl=1 1x, https:\/\/i0.wp.com\/collectitcardshow.com\/wp-content\/uploads\/2025\/08\/a7b32-collect_it_logo-1.png?resize=525%2C300&ssl=1 1.5x, https:\/\/i0.wp.com\/collectitcardshow.com\/wp-content\/uploads\/2025\/08\/a7b32-collect_it_logo-1.png?resize=700%2C400&ssl=1 2x"},"classes":[]},{"id":178,"url":"https:\/\/collectitcardshow.com\/en\/diventa-partner\/","url_meta":{"origin":80,"position":1},"title":"Become Sponsor","author":"CardsGuru Collectibles","date":"5 August 2025","format":false,"excerpt":"ECCO I NOSTRI SPONSOR! Il Collect IT Cardshow \u00e8 il primo e pi\u00f9 grande cardshow italiano, un evento che ha gi\u00e0 conquistato migliaia di appassionati di collezionismo di cards in Italia e non solo. Dopo il successo delle prime edizioni a Milano, nel 2025 il Cardshow cresce e raddoppia con\u2026","rel":"","context":"Similar post","block_context":{"text":"Similar post","link":""},"img":{"alt_text":"","src":"https:\/\/i0.wp.com\/collectitcardshow.com\/wp-content\/uploads\/2025\/09\/diemme.png?resize=350%2C200&ssl=1","width":350,"height":200,"srcset":"https:\/\/i0.wp.com\/collectitcardshow.com\/wp-content\/uploads\/2025\/09\/diemme.png?resize=350%2C200&ssl=1 1x, https:\/\/i0.wp.com\/collectitcardshow.com\/wp-content\/uploads\/2025\/09\/diemme.png?resize=525%2C300&ssl=1 1.5x, https:\/\/i0.wp.com\/collectitcardshow.com\/wp-content\/uploads\/2025\/09\/diemme.png?resize=700%2C400&ssl=1 2x, https:\/\/i0.wp.com\/collectitcardshow.com\/wp-content\/uploads\/2025\/09\/diemme.png?resize=1050%2C600&ssl=1 3x"},"classes":[]},{"id":1012,"url":"https:\/\/collectitcardshow.com\/en\/privacy-policy\/","url_meta":{"origin":80,"position":2},"title":"Privacy Policy","author":"albertocasadei95","date":"26 February 2026","format":false,"excerpt":"Informativa sulla Privacy per l'App \"Collect IT\" (Instagram Automation) Ultimo aggiornamento: 26 Febbraio 2026 1. Introduzione La presente Informativa sulla Privacy descrive come l'app \"Collect IT\" (di seguito \"l'App\"), sviluppata per la gestione dell'evento Collect it cardshow, raccoglie, utilizza e protegge le informazioni fornite dagli utenti attraverso l'interazione con il\u2026","rel":"","context":"Similar post","block_context":{"text":"Similar post","link":""},"img":{"alt_text":"","src":"","width":0,"height":0},"classes":[]},{"id":1,"url":"https:\/\/collectitcardshow.com\/en\/about\/","url_meta":{"origin":80,"position":3},"title":"About","author":"CardsGuru Collectibles","date":"2 August 2025","format":false,"excerpt":"Chi siamo Tutto \u00e8 iniziato per caso in un ufficio, un incontro con una semplice passione: Il collezionismo Quando abbiamo creato CardsGuru, l\u2019idea era quella di raccontare il mondo del collezionismo, in particolare quello delle carte sportive americane, in modo accessibile, coinvolgente e appassionante. Una piccola community digitale che, giorno\u2026","rel":"","context":"Similar post","block_context":{"text":"Similar post","link":""},"img":{"alt_text":"","src":"https:\/\/i0.wp.com\/collectitcardshow.com\/wp-content\/uploads\/2025\/09\/6NZ8540-1.jpg?resize=350%2C200&ssl=1","width":350,"height":200,"srcset":"https:\/\/i0.wp.com\/collectitcardshow.com\/wp-content\/uploads\/2025\/09\/6NZ8540-1.jpg?resize=350%2C200&ssl=1 1x, https:\/\/i0.wp.com\/collectitcardshow.com\/wp-content\/uploads\/2025\/09\/6NZ8540-1.jpg?resize=525%2C300&ssl=1 1.5x, https:\/\/i0.wp.com\/collectitcardshow.com\/wp-content\/uploads\/2025\/09\/6NZ8540-1.jpg?resize=700%2C400&ssl=1 2x, https:\/\/i0.wp.com\/collectitcardshow.com\/wp-content\/uploads\/2025\/09\/6NZ8540-1.jpg?resize=1050%2C600&ssl=1 3x, https:\/\/i0.wp.com\/collectitcardshow.com\/wp-content\/uploads\/2025\/09\/6NZ8540-1.jpg?resize=1400%2C800&ssl=1 4x"},"classes":[]}],"_links":{"self":[{"href":"https:\/\/collectitcardshow.com\/en\/wp-json\/wp\/v2\/pages\/80","targetHints":{"allow":["GET"]}}],"collection":[{"href":"https:\/\/collectitcardshow.com\/en\/wp-json\/wp\/v2\/pages"}],"about":[{"href":"https:\/\/collectitcardshow.com\/en\/wp-json\/wp\/v2\/types\/page"}],"author":[{"embeddable":true,"href":"https:\/\/collectitcardshow.com\/en\/wp-json\/wp\/v2\/users\/269524093"}],"replies":[{"embeddable":true,"href":"https:\/\/collectitcardshow.com\/en\/wp-json\/wp\/v2\/comments?post=80"}],"version-history":[{"count":3,"href":"https:\/\/collectitcardshow.com\/en\/wp-json\/wp\/v2\/pages\/80\/revisions"}],"predecessor-version":[{"id":482,"href":"https:\/\/collectitcardshow.com\/en\/wp-json\/wp\/v2\/pages\/80\/revisions\/482"}],"wp:attachment":[{"href":"https:\/\/collectitcardshow.com\/en\/wp-json\/wp\/v2\/media?parent=80"}],"curies":[{"name":"wp","href":"https:\/\/api.w.org\/{rel}","templated":true}]}}